{"id":433,"date":"2025-07-21T11:00:19","date_gmt":"2025-07-21T10:00:19","guid":{"rendered":"https:\/\/guiduworks.com\/?post_type=product&#038;p=433"},"modified":"2025-07-21T11:00:19","modified_gmt":"2025-07-21T10:00:19","slug":"espuma-de-canula-de-750-ml","status":"publish","type":"product","link":"https:\/\/guiduworks.com\/en\/product\/espuma-de-canula-de-750-ml\/","title":{"rendered":"Espuma de c\u00e1nula de 750 Ml"},"content":{"rendered":"","protected":false},"excerpt":{"rendered":"<p>Espuma de poliuretano con c\u00e1nula aplicadora.<\/p>\n<p>Ideal para el relleno y sellado de huecos en instalaci\u00f3n de tubos, marcos, ventanas&#8230;<\/p>\n<p>Excelente adherencia en el hormig\u00f3n.<\/p>\n<p>Expande m\u00e1s de 50 litros.<\/p>\n<p>Es reutilizable, si no se ha agotado el bote introduciendo la c\u00e1nula en el pitorro del aplicador en un plazo m\u00e1ximo de 20 d\u00edas sin que la espuma endurezca.<\/p>\n<p>Envase de 750 ml.<\/p>\n<p>Se vende con guantes.<\/p>","protected":false},"featured_media":434,"template":"","meta":{"site-sidebar-layout":"default","site-content-layout":"","ast-site-content-layout":"default","site-content-style":"default","site-sidebar-style":"default","ast-global-header-display":"","ast-banner-title-visibility":"","ast-main-header-display":"","ast-hfb-above-header-display":"","ast-hfb-below-header-display":"","ast-hfb-mobile-header-display":"","site-post-title":"","ast-breadcrumbs-content":"","ast-featured-img":"","footer-sml-layout":"","ast-disable-related-posts":"","theme-transparent-header-meta":"default","adv-header-id-meta":"","stick-header-meta":"","header-above-stick-meta":"","header-main-stick-meta":"","header-below-stick-meta":"","astra-migrate-meta-layouts":"set","ast-page-background-enabled":"default","ast-page-background-meta":{"desktop":{"background-color":"var(--ast-global-color-5)","background-image":"","background-repeat":"repeat","background-position":"center center","background-size":"auto","background-attachment":"scroll","background-type":"","background-media":"","overlay-type":"","overlay-color":"","overlay-opacity":"","overlay-gradient":""},"tablet":{"background-color":"","background-image":"","background-repeat":"repeat","background-position":"center center","background-size":"auto","background-attachment":"scroll","background-type":"","background-media":"","overlay-type":"","overlay-color":"","overlay-opacity":"","overlay-gradient":""},"mobile":{"background-color":"","background-image":"","background-repeat":"repeat","background-position":"center center","background-size":"auto","background-attachment":"scroll","background-type":"","background-media":"","overlay-type":"","overlay-color":"","overlay-opacity":"","overlay-gradient":""}},"ast-content-background-meta":{"desktop":{"background-color":"var(--ast-global-color-4)","background-image":"","background-repeat":"repeat","background-position":"center center","background-size":"auto","background-attachment":"scroll","background-type":"","background-media":"","overlay-type":"","overlay-color":"","overlay-opacity":"","overlay-gradient":""},"tablet":{"background-color":"var(--ast-global-color-4)","background-image":"","background-repeat":"repeat","background-position":"center center","background-size":"auto","background-attachment":"scroll","background-type":"","background-media":"","overlay-type":"","overlay-color":"","overlay-opacity":"","overlay-gradient":""},"mobile":{"background-color":"var(--ast-global-color-4)","background-image":"","background-repeat":"repeat","background-position":"center center","background-size":"auto","background-attachment":"scroll","background-type":"","background-media":"","overlay-type":"","overlay-color":"","overlay-opacity":"","overlay-gradient":""}}},"product_brand":[],"product_cat":[27],"product_tag":[],"class_list":{"0":"post-433","1":"product","2":"type-product","3":"status-publish","4":"has-post-thumbnail","6":"product_cat-impermeabilizacion","7":"desktop-align-left","8":"tablet-align-left","9":"mobile-align-left","11":"first","12":"instock","13":"shipping-taxable","14":"product-type-simple"},"yoast_head":"<!-- This site is optimized with the Yoast SEO plugin v27.5 - https:\/\/yoast.com\/product\/yoast-seo-wordpress\/ -->\n<title>Espuma de c\u00e1nula de 750 Ml - Guidu Works<\/title>\n<meta name=\"robots\" content=\"index, follow, max-snippet:-1, max-image-preview:large, max-video-preview:-1\" \/>\n<link rel=\"canonical\" href=\"https:\/\/guiduworks.com\/en\/product\/espuma-de-canula-de-750-ml\/\" \/>\n<meta property=\"og:locale\" content=\"en_GB\" \/>\n<meta property=\"og:type\" content=\"article\" \/>\n<meta property=\"og:title\" content=\"Espuma de c\u00e1nula de 750 Ml - Guidu Works\" \/>\n<meta property=\"og:description\" content=\"Espuma de poliuretano con c\u00e1nula aplicadora.  Ideal para el relleno y sellado de huecos en instalaci\u00f3n de tubos, marcos, ventanas...  Excelente adherencia en el hormig\u00f3n.  Expande m\u00e1s de 50 litros.  Es reutilizable, si no se ha agotado el bote introduciendo la c\u00e1nula en el pitorro del aplicador en un plazo m\u00e1ximo de 20 d\u00edas sin que la espuma endurezca.  Envase de 750 ml.  Se vende con guantes.\" \/>\n<meta property=\"og:url\" content=\"https:\/\/guiduworks.com\/en\/product\/espuma-de-canula-de-750-ml\/\" \/>\n<meta property=\"og:site_name\" content=\"Guidu Works\" \/>\n<meta property=\"og:image\" content=\"https:\/\/guiduworks.com\/wp-content\/uploads\/2025\/07\/espuma.webp\" \/>\n\t<meta property=\"og:image:width\" content=\"2240\" \/>\n\t<meta property=\"og:image:height\" content=\"2240\" \/>\n\t<meta property=\"og:image:type\" content=\"image\/webp\" \/>\n<meta name=\"twitter:card\" content=\"summary_large_image\" \/>\n<script type=\"application\/ld+json\" class=\"yoast-schema-graph\">{\"@context\":\"https:\\\/\\\/schema.org\",\"@graph\":[{\"@type\":\"WebPage\",\"@id\":\"https:\\\/\\\/guiduworks.com\\\/producto\\\/espuma-de-canula-de-750-ml\\\/\",\"url\":\"https:\\\/\\\/guiduworks.com\\\/producto\\\/espuma-de-canula-de-750-ml\\\/\",\"name\":\"Espuma de c\u00e1nula de 750 Ml - Guidu Works\",\"isPartOf\":{\"@id\":\"https:\\\/\\\/guiduworks.com\\\/en\\\/#website\"},\"primaryImageOfPage\":{\"@id\":\"https:\\\/\\\/guiduworks.com\\\/producto\\\/espuma-de-canula-de-750-ml\\\/#primaryimage\"},\"image\":{\"@id\":\"https:\\\/\\\/guiduworks.com\\\/producto\\\/espuma-de-canula-de-750-ml\\\/#primaryimage\"},\"thumbnailUrl\":\"https:\\\/\\\/guiduworks.com\\\/wp-content\\\/uploads\\\/2025\\\/07\\\/espuma.webp\",\"datePublished\":\"2025-07-21T10:00:19+00:00\",\"breadcrumb\":{\"@id\":\"https:\\\/\\\/guiduworks.com\\\/producto\\\/espuma-de-canula-de-750-ml\\\/#breadcrumb\"},\"inLanguage\":\"en-GB\",\"potentialAction\":[{\"@type\":\"ReadAction\",\"target\":[\"https:\\\/\\\/guiduworks.com\\\/producto\\\/espuma-de-canula-de-750-ml\\\/\"]}]},{\"@type\":\"ImageObject\",\"inLanguage\":\"en-GB\",\"@id\":\"https:\\\/\\\/guiduworks.com\\\/producto\\\/espuma-de-canula-de-750-ml\\\/#primaryimage\",\"url\":\"https:\\\/\\\/guiduworks.com\\\/wp-content\\\/uploads\\\/2025\\\/07\\\/espuma.webp\",\"contentUrl\":\"https:\\\/\\\/guiduworks.com\\\/wp-content\\\/uploads\\\/2025\\\/07\\\/espuma.webp\",\"width\":2240,\"height\":2240},{\"@type\":\"BreadcrumbList\",\"@id\":\"https:\\\/\\\/guiduworks.com\\\/producto\\\/espuma-de-canula-de-750-ml\\\/#breadcrumb\",\"itemListElement\":[{\"@type\":\"ListItem\",\"position\":1,\"name\":\"Portada\",\"item\":\"https:\\\/\\\/guiduworks.com\\\/\"},{\"@type\":\"ListItem\",\"position\":2,\"name\":\"Tienda\",\"item\":\"https:\\\/\\\/guiduworks.com\\\/tienda\\\/\"},{\"@type\":\"ListItem\",\"position\":3,\"name\":\"Espuma de c\u00e1nula de 750 Ml\"}]},{\"@type\":\"WebSite\",\"@id\":\"https:\\\/\\\/guiduworks.com\\\/en\\\/#website\",\"url\":\"https:\\\/\\\/guiduworks.com\\\/en\\\/\",\"name\":\"Guidu Works\",\"description\":\"\",\"publisher\":{\"@id\":\"https:\\\/\\\/guiduworks.com\\\/en\\\/#\\\/schema\\\/person\\\/867f288013168ae3ea98433780218df4\"},\"potentialAction\":[{\"@type\":\"SearchAction\",\"target\":{\"@type\":\"EntryPoint\",\"urlTemplate\":\"https:\\\/\\\/guiduworks.com\\\/en\\\/?s={search_term_string}\"},\"query-input\":{\"@type\":\"PropertyValueSpecification\",\"valueRequired\":true,\"valueName\":\"search_term_string\"}}],\"inLanguage\":\"en-GB\"},{\"@type\":[\"Person\",\"Organization\"],\"@id\":\"https:\\\/\\\/guiduworks.com\\\/en\\\/#\\\/schema\\\/person\\\/867f288013168ae3ea98433780218df4\",\"name\":\"admin\",\"image\":{\"@type\":\"ImageObject\",\"inLanguage\":\"en-GB\",\"@id\":\"https:\\\/\\\/guiduworks.com\\\/wp-content\\\/uploads\\\/2025\\\/07\\\/cropped-logo_guiduworks_black.png\",\"url\":\"https:\\\/\\\/guiduworks.com\\\/wp-content\\\/uploads\\\/2025\\\/07\\\/cropped-logo_guiduworks_black.png\",\"contentUrl\":\"https:\\\/\\\/guiduworks.com\\\/wp-content\\\/uploads\\\/2025\\\/07\\\/cropped-logo_guiduworks_black.png\",\"width\":1000,\"height\":311,\"caption\":\"admin\"},\"logo\":{\"@id\":\"https:\\\/\\\/guiduworks.com\\\/wp-content\\\/uploads\\\/2025\\\/07\\\/cropped-logo_guiduworks_black.png\"},\"sameAs\":[\"https:\\\/\\\/guiduworks.com\"]}]}<\/script>\n<!-- \/ Yoast SEO plugin. -->","yoast_head_json":{"title":"Espuma de c\u00e1nula de 750 Ml - Guidu Works","robots":{"index":"index","follow":"follow","max-snippet":"max-snippet:-1","max-image-preview":"max-image-preview:large","max-video-preview":"max-video-preview:-1"},"canonical":"https:\/\/guiduworks.com\/en\/product\/espuma-de-canula-de-750-ml\/","og_locale":"en_GB","og_type":"article","og_title":"Espuma de c\u00e1nula de 750 Ml - Guidu Works","og_description":"Espuma de poliuretano con c\u00e1nula aplicadora.  Ideal para el relleno y sellado de huecos en instalaci\u00f3n de tubos, marcos, ventanas...  Excelente adherencia en el hormig\u00f3n.  Expande m\u00e1s de 50 litros.  Es reutilizable, si no se ha agotado el bote introduciendo la c\u00e1nula en el pitorro del aplicador en un plazo m\u00e1ximo de 20 d\u00edas sin que la espuma endurezca.  Envase de 750 ml.  Se vende con guantes.","og_url":"https:\/\/guiduworks.com\/en\/product\/espuma-de-canula-de-750-ml\/","og_site_name":"Guidu Works","og_image":[{"width":2240,"height":2240,"url":"https:\/\/guiduworks.com\/wp-content\/uploads\/2025\/07\/espuma.webp","type":"image\/webp"}],"twitter_card":"summary_large_image","schema":{"@context":"https:\/\/schema.org","@graph":[{"@type":"WebPage","@id":"https:\/\/guiduworks.com\/producto\/espuma-de-canula-de-750-ml\/","url":"https:\/\/guiduworks.com\/producto\/espuma-de-canula-de-750-ml\/","name":"Espuma de c\u00e1nula de 750 Ml - Guidu Works","isPartOf":{"@id":"https:\/\/guiduworks.com\/en\/#website"},"primaryImageOfPage":{"@id":"https:\/\/guiduworks.com\/producto\/espuma-de-canula-de-750-ml\/#primaryimage"},"image":{"@id":"https:\/\/guiduworks.com\/producto\/espuma-de-canula-de-750-ml\/#primaryimage"},"thumbnailUrl":"https:\/\/guiduworks.com\/wp-content\/uploads\/2025\/07\/espuma.webp","datePublished":"2025-07-21T10:00:19+00:00","breadcrumb":{"@id":"https:\/\/guiduworks.com\/producto\/espuma-de-canula-de-750-ml\/#breadcrumb"},"inLanguage":"en-GB","potentialAction":[{"@type":"ReadAction","target":["https:\/\/guiduworks.com\/producto\/espuma-de-canula-de-750-ml\/"]}]},{"@type":"ImageObject","inLanguage":"en-GB","@id":"https:\/\/guiduworks.com\/producto\/espuma-de-canula-de-750-ml\/#primaryimage","url":"https:\/\/guiduworks.com\/wp-content\/uploads\/2025\/07\/espuma.webp","contentUrl":"https:\/\/guiduworks.com\/wp-content\/uploads\/2025\/07\/espuma.webp","width":2240,"height":2240},{"@type":"BreadcrumbList","@id":"https:\/\/guiduworks.com\/producto\/espuma-de-canula-de-750-ml\/#breadcrumb","itemListElement":[{"@type":"ListItem","position":1,"name":"Portada","item":"https:\/\/guiduworks.com\/"},{"@type":"ListItem","position":2,"name":"Tienda","item":"https:\/\/guiduworks.com\/tienda\/"},{"@type":"ListItem","position":3,"name":"Espuma de c\u00e1nula de 750 Ml"}]},{"@type":"WebSite","@id":"https:\/\/guiduworks.com\/en\/#website","url":"https:\/\/guiduworks.com\/en\/","name":"Guidu Works","description":"","publisher":{"@id":"https:\/\/guiduworks.com\/en\/#\/schema\/person\/867f288013168ae3ea98433780218df4"},"potentialAction":[{"@type":"SearchAction","target":{"@type":"EntryPoint","urlTemplate":"https:\/\/guiduworks.com\/en\/?s={search_term_string}"},"query-input":{"@type":"PropertyValueSpecification","valueRequired":true,"valueName":"search_term_string"}}],"inLanguage":"en-GB"},{"@type":["Person","Organization"],"@id":"https:\/\/guiduworks.com\/en\/#\/schema\/person\/867f288013168ae3ea98433780218df4","name":"admin","image":{"@type":"ImageObject","inLanguage":"en-GB","@id":"https:\/\/guiduworks.com\/wp-content\/uploads\/2025\/07\/cropped-logo_guiduworks_black.png","url":"https:\/\/guiduworks.com\/wp-content\/uploads\/2025\/07\/cropped-logo_guiduworks_black.png","contentUrl":"https:\/\/guiduworks.com\/wp-content\/uploads\/2025\/07\/cropped-logo_guiduworks_black.png","width":1000,"height":311,"caption":"admin"},"logo":{"@id":"https:\/\/guiduworks.com\/wp-content\/uploads\/2025\/07\/cropped-logo_guiduworks_black.png"},"sameAs":["https:\/\/guiduworks.com"]}]}},"_links":{"self":[{"href":"https:\/\/guiduworks.com\/en\/wp-json\/wp\/v2\/product\/433","targetHints":{"allow":["GET"]}}],"collection":[{"href":"https:\/\/guiduworks.com\/en\/wp-json\/wp\/v2\/product"}],"about":[{"href":"https:\/\/guiduworks.com\/en\/wp-json\/wp\/v2\/types\/product"}],"wp:featuredmedia":[{"embeddable":true,"href":"https:\/\/guiduworks.com\/en\/wp-json\/wp\/v2\/media\/434"}],"wp:attachment":[{"href":"https:\/\/guiduworks.com\/en\/wp-json\/wp\/v2\/media?parent=433"}],"wp:term":[{"taxonomy":"product_brand","embeddable":true,"href":"https:\/\/guiduworks.com\/en\/wp-json\/wp\/v2\/product_brand?post=433"},{"taxonomy":"product_cat","embeddable":true,"href":"https:\/\/guiduworks.com\/en\/wp-json\/wp\/v2\/product_cat?post=433"},{"taxonomy":"product_tag","embeddable":true,"href":"https:\/\/guiduworks.com\/en\/wp-json\/wp\/v2\/product_tag?post=433"}],"curies":[{"name":"wp","href":"https:\/\/api.w.org\/{rel}","templated":true}]}}