{"id":332,"date":"2025-07-18T10:29:52","date_gmt":"2025-07-18T09:29:52","guid":{"rendered":"https:\/\/guiduworks.com\/?post_type=product&#038;p=332"},"modified":"2025-07-18T11:46:17","modified_gmt":"2025-07-18T10:46:17","slug":"base-octogonal-al-anodizado","status":"publish","type":"product","link":"https:\/\/guiduworks.com\/en\/product\/base-octogonal-al-anodizado\/","title":{"rendered":"Base octogonal al anodizado"},"content":{"rendered":"","protected":false},"excerpt":{"rendered":"<p>Pieza en aluminio anodizado empleada para el dise\u00f1o y construcci\u00f3n de estructuras inclinadas de paneles solares en tejados de chapa o panel s\u00e1ndwich donde la separaci\u00f3n entre las vigas bajo el techo no coinciden con los elementos de fijaci\u00f3n necesarios para la estructura solar.<\/p>\n<p>Se emplea en combinaci\u00f3n con la PERFIL ESTRUCTURA AUXILIAR ALUMINIO ANODIZADO<\/p>","protected":false},"featured_media":333,"template":"","meta":{"site-sidebar-layout":"default","site-content-layout":"","ast-site-content-layout":"default","site-content-style":"default","site-sidebar-style":"default","ast-global-header-display":"","ast-banner-title-visibility":"","ast-main-header-display":"","ast-hfb-above-header-display":"","ast-hfb-below-header-display":"","ast-hfb-mobile-header-display":"","site-post-title":"","ast-breadcrumbs-content":"","ast-featured-img":"","footer-sml-layout":"","ast-disable-related-posts":"","theme-transparent-header-meta":"default","adv-header-id-meta":"","stick-header-meta":"","header-above-stick-meta":"","header-main-stick-meta":"","header-below-stick-meta":"","astra-migrate-meta-layouts":"set","ast-page-background-enabled":"default","ast-page-background-meta":{"desktop":{"background-color":"var(--ast-global-color-5)","background-image":"","background-repeat":"repeat","background-position":"center center","background-size":"auto","background-attachment":"scroll","background-type":"","background-media":"","overlay-type":"","overlay-color":"","overlay-opacity":"","overlay-gradient":""},"tablet":{"background-color":"","background-image":"","background-repeat":"repeat","background-position":"center center","background-size":"auto","background-attachment":"scroll","background-type":"","background-media":"","overlay-type":"","overlay-color":"","overlay-opacity":"","overlay-gradient":""},"mobile":{"background-color":"","background-image":"","background-repeat":"repeat","background-position":"center center","background-size":"auto","background-attachment":"scroll","background-type":"","background-media":"","overlay-type":"","overlay-color":"","overlay-opacity":"","overlay-gradient":""}},"ast-content-background-meta":{"desktop":{"background-color":"var(--ast-global-color-4)","background-image":"","background-repeat":"repeat","background-position":"center center","background-size":"auto","background-attachment":"scroll","background-type":"","background-media":"","overlay-type":"","overlay-color":"","overlay-opacity":"","overlay-gradient":""},"tablet":{"background-color":"var(--ast-global-color-4)","background-image":"","background-repeat":"repeat","background-position":"center center","background-size":"auto","background-attachment":"scroll","background-type":"","background-media":"","overlay-type":"","overlay-color":"","overlay-opacity":"","overlay-gradient":""},"mobile":{"background-color":"var(--ast-global-color-4)","background-image":"","background-repeat":"repeat","background-position":"center center","background-size":"auto","background-attachment":"scroll","background-type":"","background-media":"","overlay-type":"","overlay-color":"","overlay-opacity":"","overlay-gradient":""}}},"product_brand":[],"product_cat":[25],"product_tag":[],"class_list":{"0":"post-332","1":"product","2":"type-product","3":"status-publish","4":"has-post-thumbnail","6":"product_cat-piezas","7":"desktop-align-left","8":"tablet-align-left","9":"mobile-align-left","11":"first","12":"instock","13":"shipping-taxable","14":"product-type-simple"},"yoast_head":"<!-- This site is optimized with the Yoast SEO plugin v27.5 - https:\/\/yoast.com\/product\/yoast-seo-wordpress\/ -->\n<title>Base octogonal al anodizado - Guidu Works<\/title>\n<meta name=\"robots\" content=\"index, follow, max-snippet:-1, max-image-preview:large, max-video-preview:-1\" \/>\n<link rel=\"canonical\" href=\"https:\/\/guiduworks.com\/en\/product\/base-octogonal-al-anodizado\/\" \/>\n<meta property=\"og:locale\" content=\"en_GB\" \/>\n<meta property=\"og:type\" content=\"article\" \/>\n<meta property=\"og:title\" content=\"Base octogonal al anodizado - Guidu Works\" \/>\n<meta property=\"og:description\" content=\"Pieza en aluminio anodizado empleada para el dise\u00f1o y construcci\u00f3n de estructuras inclinadas de paneles solares en tejados de chapa o panel s\u00e1ndwich donde la separaci\u00f3n entre las vigas bajo el techo no coinciden con los elementos de fijaci\u00f3n necesarios para la estructura solar.  Se emplea en combinaci\u00f3n con la PERFIL ESTRUCTURA AUXILIAR ALUMINIO ANODIZADO\" \/>\n<meta property=\"og:url\" content=\"https:\/\/guiduworks.com\/en\/product\/base-octogonal-al-anodizado\/\" \/>\n<meta property=\"og:site_name\" content=\"Guidu Works\" \/>\n<meta property=\"article:modified_time\" content=\"2025-07-18T10:46:17+00:00\" \/>\n<meta property=\"og:image\" content=\"https:\/\/guiduworks.com\/wp-content\/uploads\/2025\/07\/base-octogonal-img-2-png.webp\" \/>\n\t<meta property=\"og:image:width\" content=\"1052\" \/>\n\t<meta property=\"og:image:height\" content=\"780\" \/>\n\t<meta property=\"og:image:type\" content=\"image\/webp\" \/>\n<meta name=\"twitter:card\" content=\"summary_large_image\" \/>\n<script type=\"application\/ld+json\" class=\"yoast-schema-graph\">{\"@context\":\"https:\\\/\\\/schema.org\",\"@graph\":[{\"@type\":\"WebPage\",\"@id\":\"https:\\\/\\\/guiduworks.com\\\/producto\\\/base-octogonal-al-anodizado\\\/\",\"url\":\"https:\\\/\\\/guiduworks.com\\\/producto\\\/base-octogonal-al-anodizado\\\/\",\"name\":\"Base octogonal al anodizado - Guidu Works\",\"isPartOf\":{\"@id\":\"https:\\\/\\\/guiduworks.com\\\/en\\\/#website\"},\"primaryImageOfPage\":{\"@id\":\"https:\\\/\\\/guiduworks.com\\\/producto\\\/base-octogonal-al-anodizado\\\/#primaryimage\"},\"image\":{\"@id\":\"https:\\\/\\\/guiduworks.com\\\/producto\\\/base-octogonal-al-anodizado\\\/#primaryimage\"},\"thumbnailUrl\":\"https:\\\/\\\/guiduworks.com\\\/wp-content\\\/uploads\\\/2025\\\/07\\\/base-octogonal-img-2-png.webp\",\"datePublished\":\"2025-07-18T09:29:52+00:00\",\"dateModified\":\"2025-07-18T10:46:17+00:00\",\"breadcrumb\":{\"@id\":\"https:\\\/\\\/guiduworks.com\\\/producto\\\/base-octogonal-al-anodizado\\\/#breadcrumb\"},\"inLanguage\":\"en-GB\",\"potentialAction\":[{\"@type\":\"ReadAction\",\"target\":[\"https:\\\/\\\/guiduworks.com\\\/producto\\\/base-octogonal-al-anodizado\\\/\"]}]},{\"@type\":\"ImageObject\",\"inLanguage\":\"en-GB\",\"@id\":\"https:\\\/\\\/guiduworks.com\\\/producto\\\/base-octogonal-al-anodizado\\\/#primaryimage\",\"url\":\"https:\\\/\\\/guiduworks.com\\\/wp-content\\\/uploads\\\/2025\\\/07\\\/base-octogonal-img-2-png.webp\",\"contentUrl\":\"https:\\\/\\\/guiduworks.com\\\/wp-content\\\/uploads\\\/2025\\\/07\\\/base-octogonal-img-2-png.webp\",\"width\":1052,\"height\":780},{\"@type\":\"BreadcrumbList\",\"@id\":\"https:\\\/\\\/guiduworks.com\\\/producto\\\/base-octogonal-al-anodizado\\\/#breadcrumb\",\"itemListElement\":[{\"@type\":\"ListItem\",\"position\":1,\"name\":\"Portada\",\"item\":\"https:\\\/\\\/guiduworks.com\\\/\"},{\"@type\":\"ListItem\",\"position\":2,\"name\":\"Tienda\",\"item\":\"https:\\\/\\\/guiduworks.com\\\/tienda\\\/\"},{\"@type\":\"ListItem\",\"position\":3,\"name\":\"Base octogonal al anodizado\"}]},{\"@type\":\"WebSite\",\"@id\":\"https:\\\/\\\/guiduworks.com\\\/en\\\/#website\",\"url\":\"https:\\\/\\\/guiduworks.com\\\/en\\\/\",\"name\":\"Guidu Works\",\"description\":\"\",\"publisher\":{\"@id\":\"https:\\\/\\\/guiduworks.com\\\/en\\\/#\\\/schema\\\/person\\\/867f288013168ae3ea98433780218df4\"},\"potentialAction\":[{\"@type\":\"SearchAction\",\"target\":{\"@type\":\"EntryPoint\",\"urlTemplate\":\"https:\\\/\\\/guiduworks.com\\\/en\\\/?s={search_term_string}\"},\"query-input\":{\"@type\":\"PropertyValueSpecification\",\"valueRequired\":true,\"valueName\":\"search_term_string\"}}],\"inLanguage\":\"en-GB\"},{\"@type\":[\"Person\",\"Organization\"],\"@id\":\"https:\\\/\\\/guiduworks.com\\\/en\\\/#\\\/schema\\\/person\\\/867f288013168ae3ea98433780218df4\",\"name\":\"admin\",\"image\":{\"@type\":\"ImageObject\",\"inLanguage\":\"en-GB\",\"@id\":\"https:\\\/\\\/guiduworks.com\\\/wp-content\\\/uploads\\\/2025\\\/07\\\/cropped-logo_guiduworks_black.png\",\"url\":\"https:\\\/\\\/guiduworks.com\\\/wp-content\\\/uploads\\\/2025\\\/07\\\/cropped-logo_guiduworks_black.png\",\"contentUrl\":\"https:\\\/\\\/guiduworks.com\\\/wp-content\\\/uploads\\\/2025\\\/07\\\/cropped-logo_guiduworks_black.png\",\"width\":1000,\"height\":311,\"caption\":\"admin\"},\"logo\":{\"@id\":\"https:\\\/\\\/guiduworks.com\\\/wp-content\\\/uploads\\\/2025\\\/07\\\/cropped-logo_guiduworks_black.png\"},\"sameAs\":[\"https:\\\/\\\/guiduworks.com\"]}]}<\/script>\n<!-- \/ Yoast SEO plugin. -->","yoast_head_json":{"title":"Base octogonal al anodizado - Guidu Works","robots":{"index":"index","follow":"follow","max-snippet":"max-snippet:-1","max-image-preview":"max-image-preview:large","max-video-preview":"max-video-preview:-1"},"canonical":"https:\/\/guiduworks.com\/en\/product\/base-octogonal-al-anodizado\/","og_locale":"en_GB","og_type":"article","og_title":"Base octogonal al anodizado - Guidu Works","og_description":"Pieza en aluminio anodizado empleada para el dise\u00f1o y construcci\u00f3n de estructuras inclinadas de paneles solares en tejados de chapa o panel s\u00e1ndwich donde la separaci\u00f3n entre las vigas bajo el techo no coinciden con los elementos de fijaci\u00f3n necesarios para la estructura solar.  Se emplea en combinaci\u00f3n con la PERFIL ESTRUCTURA AUXILIAR ALUMINIO ANODIZADO","og_url":"https:\/\/guiduworks.com\/en\/product\/base-octogonal-al-anodizado\/","og_site_name":"Guidu Works","article_modified_time":"2025-07-18T10:46:17+00:00","og_image":[{"width":1052,"height":780,"url":"https:\/\/guiduworks.com\/wp-content\/uploads\/2025\/07\/base-octogonal-img-2-png.webp","type":"image\/webp"}],"twitter_card":"summary_large_image","schema":{"@context":"https:\/\/schema.org","@graph":[{"@type":"WebPage","@id":"https:\/\/guiduworks.com\/producto\/base-octogonal-al-anodizado\/","url":"https:\/\/guiduworks.com\/producto\/base-octogonal-al-anodizado\/","name":"Base octogonal al anodizado - Guidu Works","isPartOf":{"@id":"https:\/\/guiduworks.com\/en\/#website"},"primaryImageOfPage":{"@id":"https:\/\/guiduworks.com\/producto\/base-octogonal-al-anodizado\/#primaryimage"},"image":{"@id":"https:\/\/guiduworks.com\/producto\/base-octogonal-al-anodizado\/#primaryimage"},"thumbnailUrl":"https:\/\/guiduworks.com\/wp-content\/uploads\/2025\/07\/base-octogonal-img-2-png.webp","datePublished":"2025-07-18T09:29:52+00:00","dateModified":"2025-07-18T10:46:17+00:00","breadcrumb":{"@id":"https:\/\/guiduworks.com\/producto\/base-octogonal-al-anodizado\/#breadcrumb"},"inLanguage":"en-GB","potentialAction":[{"@type":"ReadAction","target":["https:\/\/guiduworks.com\/producto\/base-octogonal-al-anodizado\/"]}]},{"@type":"ImageObject","inLanguage":"en-GB","@id":"https:\/\/guiduworks.com\/producto\/base-octogonal-al-anodizado\/#primaryimage","url":"https:\/\/guiduworks.com\/wp-content\/uploads\/2025\/07\/base-octogonal-img-2-png.webp","contentUrl":"https:\/\/guiduworks.com\/wp-content\/uploads\/2025\/07\/base-octogonal-img-2-png.webp","width":1052,"height":780},{"@type":"BreadcrumbList","@id":"https:\/\/guiduworks.com\/producto\/base-octogonal-al-anodizado\/#breadcrumb","itemListElement":[{"@type":"ListItem","position":1,"name":"Portada","item":"https:\/\/guiduworks.com\/"},{"@type":"ListItem","position":2,"name":"Tienda","item":"https:\/\/guiduworks.com\/tienda\/"},{"@type":"ListItem","position":3,"name":"Base octogonal al anodizado"}]},{"@type":"WebSite","@id":"https:\/\/guiduworks.com\/en\/#website","url":"https:\/\/guiduworks.com\/en\/","name":"Guidu Works","description":"","publisher":{"@id":"https:\/\/guiduworks.com\/en\/#\/schema\/person\/867f288013168ae3ea98433780218df4"},"potentialAction":[{"@type":"SearchAction","target":{"@type":"EntryPoint","urlTemplate":"https:\/\/guiduworks.com\/en\/?s={search_term_string}"},"query-input":{"@type":"PropertyValueSpecification","valueRequired":true,"valueName":"search_term_string"}}],"inLanguage":"en-GB"},{"@type":["Person","Organization"],"@id":"https:\/\/guiduworks.com\/en\/#\/schema\/person\/867f288013168ae3ea98433780218df4","name":"admin","image":{"@type":"ImageObject","inLanguage":"en-GB","@id":"https:\/\/guiduworks.com\/wp-content\/uploads\/2025\/07\/cropped-logo_guiduworks_black.png","url":"https:\/\/guiduworks.com\/wp-content\/uploads\/2025\/07\/cropped-logo_guiduworks_black.png","contentUrl":"https:\/\/guiduworks.com\/wp-content\/uploads\/2025\/07\/cropped-logo_guiduworks_black.png","width":1000,"height":311,"caption":"admin"},"logo":{"@id":"https:\/\/guiduworks.com\/wp-content\/uploads\/2025\/07\/cropped-logo_guiduworks_black.png"},"sameAs":["https:\/\/guiduworks.com"]}]}},"_links":{"self":[{"href":"https:\/\/guiduworks.com\/en\/wp-json\/wp\/v2\/product\/332","targetHints":{"allow":["GET"]}}],"collection":[{"href":"https:\/\/guiduworks.com\/en\/wp-json\/wp\/v2\/product"}],"about":[{"href":"https:\/\/guiduworks.com\/en\/wp-json\/wp\/v2\/types\/product"}],"wp:featuredmedia":[{"embeddable":true,"href":"https:\/\/guiduworks.com\/en\/wp-json\/wp\/v2\/media\/333"}],"wp:attachment":[{"href":"https:\/\/guiduworks.com\/en\/wp-json\/wp\/v2\/media?parent=332"}],"wp:term":[{"taxonomy":"product_brand","embeddable":true,"href":"https:\/\/guiduworks.com\/en\/wp-json\/wp\/v2\/product_brand?post=332"},{"taxonomy":"product_cat","embeddable":true,"href":"https:\/\/guiduworks.com\/en\/wp-json\/wp\/v2\/product_cat?post=332"},{"taxonomy":"product_tag","embeddable":true,"href":"https:\/\/guiduworks.com\/en\/wp-json\/wp\/v2\/product_tag?post=332"}],"curies":[{"name":"wp","href":"https:\/\/api.w.org\/{rel}","templated":true}]}}