{"id":573,"date":"2025-07-22T10:48:46","date_gmt":"2025-07-22T09:48:46","guid":{"rendered":"https:\/\/guiduworks.com\/?page_id=573"},"modified":"2025-07-23T11:10:09","modified_gmt":"2025-07-23T10:10:09","slug":"sobre-nosotros","status":"publish","type":"page","link":"https:\/\/guiduworks.com\/en\/sobre-nosotros\/","title":{"rendered":"Sobre Guidu Works"},"content":{"rendered":"<div data-elementor-type=\"wp-page\" data-elementor-id=\"573\" class=\"elementor elementor-573\" data-elementor-post-type=\"page\">\n\t\t\t\t<div class=\"elementor-element elementor-element-6d42d7e e-con-full e-flex e-con e-parent\" data-id=\"6d42d7e\" data-element_type=\"container\" data-e-type=\"container\">\n\t\t<div class=\"elementor-element elementor-element-2752c04 e-flex e-con-boxed e-con e-child\" data-id=\"2752c04\" data-element_type=\"container\" data-e-type=\"container\" data-settings=\"{&quot;background_background&quot;:&quot;classic&quot;}\">\n\t\t\t\t\t<div class=\"e-con-inner\">\n\t\t\t\t<div class=\"elementor-element elementor-element-04f8569 elementor-widget elementor-widget-gum_heading\" data-id=\"04f8569\" data-element_type=\"widget\" data-e-type=\"widget\" data-widget_type=\"gum_heading.default\">\n\t\t\t\t<div class=\"elementor-widget-container\">\n\t\t\t\t\t<div class=\"gum-widget-title\"><h2 class=\"section-main-title size-default\"><span class=\"prefix\"><\/span><span class=\"maintitle\">Sobre Guidu Works<\/span><span class=\"subfix\"><\/span><\/h2><\/div>\t\t\t\t<\/div>\n\t\t\t\t<\/div>\n\t\t\t\t<div class=\"elementor-element elementor-element-9df7177 elementor-icon-list--layout-inline elementor-list-item-link-full_width elementor-widget elementor-widget-icon-list\" data-id=\"9df7177\" data-element_type=\"widget\" data-e-type=\"widget\" data-widget_type=\"icon-list.default\">\n\t\t\t\t\t\t\t<ul class=\"elementor-icon-list-items elementor-inline-items\">\n\t\t\t\t\t\t\t<li class=\"elementor-icon-list-item elementor-inline-item\">\n\t\t\t\t\t\t\t\t\t\t<span class=\"elementor-icon-list-text\">Home<\/span>\n\t\t\t\t\t\t\t\t\t<\/li>\n\t\t\t\t\t\t\t\t<li class=\"elementor-icon-list-item elementor-inline-item\">\n\t\t\t\t\t\t\t\t\t\t\t<a href=\"https:\/\/guiduworks.com\/en\/productos\/\">\n\n\t\t\t\t\t\t\t\t\t\t\t\t<span class=\"elementor-icon-list-icon\">\n\t\t\t\t\t\t\t<i aria-hidden=\"true\" class=\"icon icon-right-arrow1\"><\/i>\t\t\t\t\t\t<\/span>\n\t\t\t\t\t\t\t\t\t\t<span class=\"elementor-icon-list-text\">Sobre Guidu Works<\/span>\n\t\t\t\t\t\t\t\t\t\t\t<\/a>\n\t\t\t\t\t\t\t\t\t<\/li>\n\t\t\t\t\t\t<\/ul>\n\t\t\t\t\t\t<\/div>\n\t\t\t\t\t<\/div>\n\t\t\t\t<\/div>\n\t\t\t\t<\/div>\n\t\t<div class=\"elementor-element elementor-element-b6a06b3 e-flex e-con-boxed e-con e-parent\" data-id=\"b6a06b3\" data-element_type=\"container\" data-e-type=\"container\">\n\t\t\t\t\t<div class=\"e-con-inner\">\n\t\t<div class=\"elementor-element elementor-element-acd9b56 e-con-full animated-slow e-flex elementor-invisible e-con e-child\" data-id=\"acd9b56\" data-element_type=\"container\" data-e-type=\"container\" data-settings=\"{&quot;animation&quot;:&quot;fadeInUp&quot;}\">\n\t\t<div class=\"elementor-element elementor-element-8a4e732 e-con-full e-flex e-con e-child\" data-id=\"8a4e732\" data-element_type=\"container\" data-e-type=\"container\">\n\t\t\t\t<div class=\"elementor-element elementor-element-dd89595 elementor-widget elementor-widget-heading\" data-id=\"dd89595\" data-element_type=\"widget\" data-e-type=\"widget\" data-widget_type=\"heading.default\">\n\t\t\t\t\t<h2 class=\"elementor-heading-title elementor-size-default\">Guidu Works: Nuestra Historia y Compromiso<\/h2>\t\t\t\t<\/div>\n\t\t\t\t<\/div>\n\t\t<div class=\"elementor-element elementor-element-2d04a01 e-con-full e-flex e-con e-child\" data-id=\"2d04a01\" data-element_type=\"container\" data-e-type=\"container\">\n\t\t\t\t<div class=\"elementor-element elementor-element-78dfad1 elementor-widget elementor-widget-text-editor\" data-id=\"78dfad1\" data-element_type=\"widget\" data-e-type=\"widget\" data-widget_type=\"text-editor.default\">\n\t\t\t\t\t\t\t\t\t<p>En <b>Guidu Works<\/b>, no solo construimos estructuras; levantamos el futuro de la energ\u00eda solar en Espa\u00f1a. Impulsados por la visi\u00f3n y la profunda experiencia de <b>Daniel Oca\u00f1a Guidu<\/b>, nuestra empresa nace del compromiso inquebrantable con la calidad, la innovaci\u00f3n y la sostenibilidad. Creemos firmemente que cada instalaci\u00f3n fotovoltaica debe ser una inversi\u00f3n duradera, eficiente y segura. Por eso, nos dedicamos a ofrecer soluciones de montaje que superan las expectativas, asegurando que tu proyecto solar alcance su m\u00e1ximo potencial.<\/p>\t\t\t\t\t\t\t\t<\/div>\n\t\t\t\t<\/div>\n\t\t\t\t<\/div>\n\t\t<div class=\"elementor-element elementor-element-37491ac e-con-full animated-slow e-flex elementor-invisible e-con e-child\" data-id=\"37491ac\" data-element_type=\"container\" data-e-type=\"container\" data-settings=\"{&quot;animation&quot;:&quot;fadeInUp&quot;}\">\n\t\t<div class=\"elementor-element elementor-element-f965ad4 e-con-full e-flex e-con e-child\" data-id=\"f965ad4\" data-element_type=\"container\" data-e-type=\"container\" data-settings=\"{&quot;background_background&quot;:&quot;classic&quot;}\">\n\t\t\t\t<div class=\"elementor-element elementor-element-095bfc7 elementor-widget elementor-widget-text-editor\" data-id=\"095bfc7\" data-element_type=\"widget\" data-e-type=\"widget\" data-widget_type=\"text-editor.default\">\n\t\t\t\t\t\t\t\t\t<p>Detr\u00e1s de cada soluci\u00f3n robusta y cada instalaci\u00f3n exitosa de <b>Guidu Works<\/b> se encuentra la vasta experiencia de su fundador, <b>Daniel Oca\u00f1a Guidu<\/b>. Con <b>a\u00f1os de trayectoria consolidada<\/b> en el sector de las energ\u00edas renovables, Daniel ha sido testigo y protagonista de la evoluci\u00f3n de la energ\u00eda solar, adquiriendo un conocimiento t\u00e9cnico y pr\u00e1ctico insustituible. Su dedicaci\u00f3n a la ingenier\u00eda de montaje y su pasi\u00f3n por las soluciones fotovoltaicas son el pilar que garantiza la excelencia en cada proyecto que emprendemos. En cada etapa, desde la planificaci\u00f3n hasta la ejecuci\u00f3n, la experiencia de Daniel se traduce en seguridad, eficiencia y resultados superiores para nuestros clientes<\/p>\t\t\t\t\t\t\t\t<\/div>\n\t\t\t\t<\/div>\n\t\t<div class=\"elementor-element elementor-element-1cca26a e-con-full e-flex e-con e-child\" data-id=\"1cca26a\" data-element_type=\"container\" data-e-type=\"container\" data-settings=\"{&quot;background_background&quot;:&quot;classic&quot;}\">\n\t\t\t\t<\/div>\n\t\t\t\t<\/div>\n\t\t\t\t\t<\/div>\n\t\t\t\t<\/div>\n\t\t<div class=\"elementor-element elementor-element-bd93f90 e-flex e-con-boxed e-con e-parent\" data-id=\"bd93f90\" data-element_type=\"container\" data-e-type=\"container\" data-settings=\"{&quot;background_background&quot;:&quot;classic&quot;}\">\n\t\t\t\t\t<div class=\"e-con-inner\">\n\t\t<div class=\"elementor-element elementor-element-2dcaee8 e-con-full e-flex e-con e-child\" data-id=\"2dcaee8\" data-element_type=\"container\" data-e-type=\"container\">\n\t\t\t\t<div class=\"elementor-element elementor-element-0056e7c elementor-view-default elementor-widget elementor-widget-icon\" data-id=\"0056e7c\" data-element_type=\"widget\" data-e-type=\"widget\" data-widget_type=\"icon.default\">\n\t\t\t\t\t\t\t<div class=\"elementor-icon-wrapper\">\n\t\t\t<div class=\"elementor-icon\">\n\t\t\t<svg aria-hidden=\"true\" class=\"e-font-icon-svg e-fas-medal\" viewbox=\"0 0 512 512\" xmlns=\"http:\/\/www.w3.org\/2000\/svg\"><path d=\"M223.75 130.75L154.62 15.54A31.997 31.997 0 0 0 127.18 0H16.03C3.08 0-4.5 14.57 2.92 25.18l111.27 158.96c29.72-27.77 67.52-46.83 109.56-53.39zM495.97 0H384.82c-11.24 0-21.66 5.9-27.44 15.54l-69.13 115.21c42.04 6.56 79.84 25.62 109.56 53.38L509.08 25.18C516.5 14.57 508.92 0 495.97 0zM256 160c-97.2 0-176 78.8-176 176s78.8 176 176 176 176-78.8 176-176-78.8-176-176-176zm92.52 157.26l-37.93 36.96 8.97 52.22c1.6 9.36-8.26 16.51-16.65 12.09L256 393.88l-46.9 24.65c-8.4 4.45-18.25-2.74-16.65-12.09l8.97-52.22-37.93-36.96c-6.82-6.64-3.05-18.23 6.35-19.59l52.43-7.64 23.43-47.52c2.11-4.28 6.19-6.39 10.28-6.39 4.11 0 8.22 2.14 10.33 6.39l23.43 47.52 52.43 7.64c9.4 1.36 13.17 12.95 6.35 19.59z\"><\/path><\/svg>\t\t\t<\/div>\n\t\t<\/div>\n\t\t\t\t\t\t<\/div>\n\t\t\t\t<div class=\"elementor-element elementor-element-47fc5a4 elementor-widget elementor-widget-heading\" data-id=\"47fc5a4\" data-element_type=\"widget\" data-e-type=\"widget\" data-widget_type=\"heading.default\">\n\t\t\t\t\t<h2 class=\"elementor-heading-title elementor-size-default\">Experiencia y Expertise Comprobado<\/h2>\t\t\t\t<\/div>\n\t\t\t\t<div class=\"elementor-element elementor-element-0a967d8 elementor-widget elementor-widget-text-editor\" data-id=\"0a967d8\" data-element_type=\"widget\" data-e-type=\"widget\" data-widget_type=\"text-editor.default\">\n\t\t\t\t\t\t\t\t\t<p>Con <b>Daniel Oca\u00f1a Guidu<\/b> al frente, <b>Guidu Works<\/b> no solo ofrece productos, sino un conocimiento profundo y una experiencia pr\u00e1ctica que garantiza soluciones de montaje precisas y adaptadas a cualquier necesidad. Hemos abordado un amplio rango de proyectos, lo que nos permite anticipar desaf\u00edos y ofrecer resultados impecables.<\/p>\t\t\t\t\t\t\t\t<\/div>\n\t\t\t\t<\/div>\n\t\t<div class=\"elementor-element elementor-element-7a485bd e-con-full e-flex e-con e-child\" data-id=\"7a485bd\" data-element_type=\"container\" data-e-type=\"container\">\n\t\t\t\t<div class=\"elementor-element elementor-element-5f9ec67 elementor-view-default elementor-widget elementor-widget-icon\" data-id=\"5f9ec67\" data-element_type=\"widget\" data-e-type=\"widget\" data-widget_type=\"icon.default\">\n\t\t\t\t\t\t\t<div class=\"elementor-icon-wrapper\">\n\t\t\t<div class=\"elementor-icon\">\n\t\t\t<i aria-hidden=\"true\" class=\"icon icon-badge\"><\/i>\t\t\t<\/div>\n\t\t<\/div>\n\t\t\t\t\t\t<\/div>\n\t\t\t\t<div class=\"elementor-element elementor-element-96ea93d elementor-widget elementor-widget-heading\" data-id=\"96ea93d\" data-element_type=\"widget\" data-e-type=\"widget\" data-widget_type=\"heading.default\">\n\t\t\t\t\t<h2 class=\"elementor-heading-title elementor-size-default\">Calidad Insuperable con Marca Schildt<\/h2>\t\t\t\t<\/div>\n\t\t\t\t<div class=\"elementor-element elementor-element-ba9703b elementor-widget elementor-widget-text-editor\" data-id=\"ba9703b\" data-element_type=\"widget\" data-e-type=\"widget\" data-widget_type=\"text-editor.default\">\n\t\t\t\t\t\t\t\t\t<p>Nos comprometemos con la excelencia sin compromisos. Por ello, nuestras estructuras principales son de la reconocida marca <b>Schildt<\/b>, sin\u00f3nimo de <b>resistencia y durabilidad<\/b>. Complementamos esto con piezas, fijaciones y kits de montaje de primera calidad, asegurando que tu inversi\u00f3n est\u00e9 protegida por los componentes m\u00e1s fiables y duraderos del mercado.<\/p>\t\t\t\t\t\t\t\t<\/div>\n\t\t\t\t<\/div>\n\t\t<div class=\"elementor-element elementor-element-45c33e2 e-con-full e-flex e-con e-child\" data-id=\"45c33e2\" data-element_type=\"container\" data-e-type=\"container\">\n\t\t\t\t<div class=\"elementor-element elementor-element-8402498 elementor-view-default elementor-widget elementor-widget-icon\" data-id=\"8402498\" data-element_type=\"widget\" data-e-type=\"widget\" data-widget_type=\"icon.default\">\n\t\t\t\t\t\t\t<div class=\"elementor-icon-wrapper\">\n\t\t\t<div class=\"elementor-icon\">\n\t\t\t<svg aria-hidden=\"true\" class=\"e-font-icon-svg e-fas-ruler-combined\" viewbox=\"0 0 512 512\" xmlns=\"http:\/\/www.w3.org\/2000\/svg\"><path d=\"M160 288h-56c-4.42 0-8-3.58-8-8v-16c0-4.42 3.58-8 8-8h56v-64h-56c-4.42 0-8-3.58-8-8v-16c0-4.42 3.58-8 8-8h56V96h-56c-4.42 0-8-3.58-8-8V72c0-4.42 3.58-8 8-8h56V32c0-17.67-14.33-32-32-32H32C14.33 0 0 14.33 0 32v448c0 2.77.91 5.24 1.57 7.8L160 329.38V288zm320 64h-32v56c0 4.42-3.58 8-8 8h-16c-4.42 0-8-3.58-8-8v-56h-64v56c0 4.42-3.58 8-8 8h-16c-4.42 0-8-3.58-8-8v-56h-64v56c0 4.42-3.58 8-8 8h-16c-4.42 0-8-3.58-8-8v-56h-41.37L24.2 510.43c2.56.66 5.04 1.57 7.8 1.57h448c17.67 0 32-14.33 32-32v-96c0-17.67-14.33-32-32-32z\"><\/path><\/svg>\t\t\t<\/div>\n\t\t<\/div>\n\t\t\t\t\t\t<\/div>\n\t\t\t\t<div class=\"elementor-element elementor-element-9213b5c elementor-widget elementor-widget-heading\" data-id=\"9213b5c\" data-element_type=\"widget\" data-e-type=\"widget\" data-widget_type=\"heading.default\">\n\t\t\t\t\t<h2 class=\"elementor-heading-title elementor-size-default\">Soluciones a Medida y Soporte Personalizado<\/h2>\t\t\t\t<\/div>\n\t\t\t\t<div class=\"elementor-element elementor-element-47719ab elementor-widget elementor-widget-text-editor\" data-id=\"47719ab\" data-element_type=\"widget\" data-e-type=\"widget\" data-widget_type=\"text-editor.default\">\n\t\t\t\t\t\t\t\t\t<p>Cada proyecto solar es \u00fanico, y en <b>Guidu Works<\/b> lo entendemos. Ofrecemos <b>soluciones de montaje flexibles y completamente personalizadas<\/b> que se alinean perfectamente con las especificaciones de tu instalaci\u00f3n. Adem\u00e1s, te brindamos un <b>soporte cercano y continuo<\/b>, desde el asesoramiento inicial hasta la post-instalaci\u00f3n.<\/p>\t\t\t\t\t\t\t\t<\/div>\n\t\t\t\t<\/div>\n\t\t\t\t\t<\/div>\n\t\t\t\t<\/div>\n\t\t\t\t<\/div>","protected":false},"excerpt":{"rendered":"<p>Sobre Guidu Works Home Sobre Guidu Works Guidu Works: Nuestra Historia y Compromiso En Guidu Works, no solo construimos estructuras; [&hellip;]<\/p>\n","protected":false},"author":1,"featured_media":0,"parent":0,"menu_order":0,"comment_status":"closed","ping_status":"closed","template":"","meta":{"site-sidebar-layout":"no-sidebar","site-content-layout":"","ast-site-content-layout":"full-width-container","site-content-style":"default","site-sidebar-style":"default","ast-global-header-display":"","ast-banner-title-visibility":"","ast-main-header-display":"","ast-hfb-above-header-display":"","ast-hfb-below-header-display":"","ast-hfb-mobile-header-display":"","site-post-title":"disabled","ast-breadcrumbs-content":"","ast-featured-img":"disabled","footer-sml-layout":"","ast-disable-related-posts":"","theme-transparent-header-meta":"","adv-header-id-meta":"","stick-header-meta":"","header-above-stick-meta":"","header-main-stick-meta":"","header-below-stick-meta":"","astra-migrate-meta-layouts":"default","ast-page-background-enabled":"default","ast-page-background-meta":{"desktop":{"background-color":"var(--ast-global-color-5)","background-image":"","background-repeat":"repeat","background-position":"center center","background-size":"auto","background-attachment":"scroll","background-type":"","background-media":"","overlay-type":"","overlay-color":"","overlay-opacity":"","overlay-gradient":""},"tablet":{"background-color":"","background-image":"","background-repeat":"repeat","background-position":"center center","background-size":"auto","background-attachment":"scroll","background-type":"","background-media":"","overlay-type":"","overlay-color":"","overlay-opacity":"","overlay-gradient":""},"mobile":{"background-color":"","background-image":"","background-repeat":"repeat","background-position":"center center","background-size":"auto","background-attachment":"scroll","background-type":"","background-media":"","overlay-type":"","overlay-color":"","overlay-opacity":"","overlay-gradient":""}},"ast-content-background-meta":{"desktop":{"background-color":"var(--ast-global-color-4)","background-image":"","background-repeat":"repeat","background-position":"center center","background-size":"auto","background-attachment":"scroll","background-type":"","background-media":"","overlay-type":"","overlay-color":"","overlay-opacity":"","overlay-gradient":""},"tablet":{"background-color":"var(--ast-global-color-4)","background-image":"","background-repeat":"repeat","background-position":"center center","background-size":"auto","background-attachment":"scroll","background-type":"","background-media":"","overlay-type":"","overlay-color":"","overlay-opacity":"","overlay-gradient":""},"mobile":{"background-color":"var(--ast-global-color-4)","background-image":"","background-repeat":"repeat","background-position":"center center","background-size":"auto","background-attachment":"scroll","background-type":"","background-media":"","overlay-type":"","overlay-color":"","overlay-opacity":"","overlay-gradient":""}},"footnotes":""},"class_list":["post-573","page","type-page","status-publish","hentry"],"yoast_head":"<!-- This site is optimized with the Yoast SEO plugin v27.5 - https:\/\/yoast.com\/product\/yoast-seo-wordpress\/ -->\n<title>Sobre Guidu Works - Guidu Works<\/title>\n<meta name=\"robots\" content=\"index, follow, max-snippet:-1, max-image-preview:large, max-video-preview:-1\" \/>\n<link rel=\"canonical\" href=\"https:\/\/guiduworks.com\/en\/sobre-nosotros\/\" \/>\n<meta property=\"og:locale\" content=\"en_GB\" \/>\n<meta property=\"og:type\" content=\"article\" \/>\n<meta property=\"og:title\" content=\"Sobre Guidu Works - Guidu Works\" \/>\n<meta property=\"og:description\" content=\"Sobre Guidu Works Home Sobre Guidu Works Guidu Works: Nuestra Historia y Compromiso En Guidu Works, no solo construimos estructuras; [&hellip;]\" \/>\n<meta property=\"og:url\" content=\"https:\/\/guiduworks.com\/en\/sobre-nosotros\/\" \/>\n<meta property=\"og:site_name\" content=\"Guidu Works\" \/>\n<meta property=\"article:modified_time\" content=\"2025-07-23T10:10:09+00:00\" \/>\n<meta name=\"twitter:card\" content=\"summary_large_image\" \/>\n<meta name=\"twitter:label1\" content=\"Estimated reading time\" \/>\n\t<meta name=\"twitter:data1\" content=\"2 minutes\" \/>\n<script type=\"application\/ld+json\" class=\"yoast-schema-graph\">{\"@context\":\"https:\\\/\\\/schema.org\",\"@graph\":[{\"@type\":\"WebPage\",\"@id\":\"https:\\\/\\\/guiduworks.com\\\/sobre-nosotros\\\/\",\"url\":\"https:\\\/\\\/guiduworks.com\\\/sobre-nosotros\\\/\",\"name\":\"Sobre Guidu Works - Guidu Works\",\"isPartOf\":{\"@id\":\"https:\\\/\\\/guiduworks.com\\\/en\\\/#website\"},\"datePublished\":\"2025-07-22T09:48:46+00:00\",\"dateModified\":\"2025-07-23T10:10:09+00:00\",\"breadcrumb\":{\"@id\":\"https:\\\/\\\/guiduworks.com\\\/sobre-nosotros\\\/#breadcrumb\"},\"inLanguage\":\"en-GB\",\"potentialAction\":[{\"@type\":\"ReadAction\",\"target\":[\"https:\\\/\\\/guiduworks.com\\\/sobre-nosotros\\\/\"]}]},{\"@type\":\"BreadcrumbList\",\"@id\":\"https:\\\/\\\/guiduworks.com\\\/sobre-nosotros\\\/#breadcrumb\",\"itemListElement\":[{\"@type\":\"ListItem\",\"position\":1,\"name\":\"Portada\",\"item\":\"https:\\\/\\\/guiduworks.com\\\/\"},{\"@type\":\"ListItem\",\"position\":2,\"name\":\"Sobre Guidu Works\"}]},{\"@type\":\"WebSite\",\"@id\":\"https:\\\/\\\/guiduworks.com\\\/en\\\/#website\",\"url\":\"https:\\\/\\\/guiduworks.com\\\/en\\\/\",\"name\":\"Guidu Works\",\"description\":\"\",\"publisher\":{\"@id\":\"https:\\\/\\\/guiduworks.com\\\/en\\\/#\\\/schema\\\/person\\\/867f288013168ae3ea98433780218df4\"},\"potentialAction\":[{\"@type\":\"SearchAction\",\"target\":{\"@type\":\"EntryPoint\",\"urlTemplate\":\"https:\\\/\\\/guiduworks.com\\\/en\\\/?s={search_term_string}\"},\"query-input\":{\"@type\":\"PropertyValueSpecification\",\"valueRequired\":true,\"valueName\":\"search_term_string\"}}],\"inLanguage\":\"en-GB\"},{\"@type\":[\"Person\",\"Organization\"],\"@id\":\"https:\\\/\\\/guiduworks.com\\\/en\\\/#\\\/schema\\\/person\\\/867f288013168ae3ea98433780218df4\",\"name\":\"admin\",\"image\":{\"@type\":\"ImageObject\",\"inLanguage\":\"en-GB\",\"@id\":\"https:\\\/\\\/guiduworks.com\\\/wp-content\\\/uploads\\\/2025\\\/07\\\/cropped-logo_guiduworks_black.png\",\"url\":\"https:\\\/\\\/guiduworks.com\\\/wp-content\\\/uploads\\\/2025\\\/07\\\/cropped-logo_guiduworks_black.png\",\"contentUrl\":\"https:\\\/\\\/guiduworks.com\\\/wp-content\\\/uploads\\\/2025\\\/07\\\/cropped-logo_guiduworks_black.png\",\"width\":1000,\"height\":311,\"caption\":\"admin\"},\"logo\":{\"@id\":\"https:\\\/\\\/guiduworks.com\\\/wp-content\\\/uploads\\\/2025\\\/07\\\/cropped-logo_guiduworks_black.png\"},\"sameAs\":[\"https:\\\/\\\/guiduworks.com\"]}]}<\/script>\n<!-- \/ Yoast SEO plugin. -->","yoast_head_json":{"title":"Sobre Guidu Works - Guidu Works","robots":{"index":"index","follow":"follow","max-snippet":"max-snippet:-1","max-image-preview":"max-image-preview:large","max-video-preview":"max-video-preview:-1"},"canonical":"https:\/\/guiduworks.com\/en\/sobre-nosotros\/","og_locale":"en_GB","og_type":"article","og_title":"Sobre Guidu Works - Guidu Works","og_description":"Sobre Guidu Works Home Sobre Guidu Works Guidu Works: Nuestra Historia y Compromiso En Guidu Works, no solo construimos estructuras; [&hellip;]","og_url":"https:\/\/guiduworks.com\/en\/sobre-nosotros\/","og_site_name":"Guidu Works","article_modified_time":"2025-07-23T10:10:09+00:00","twitter_card":"summary_large_image","twitter_misc":{"Estimated reading time":"2 minutes"},"schema":{"@context":"https:\/\/schema.org","@graph":[{"@type":"WebPage","@id":"https:\/\/guiduworks.com\/sobre-nosotros\/","url":"https:\/\/guiduworks.com\/sobre-nosotros\/","name":"Sobre Guidu Works - Guidu Works","isPartOf":{"@id":"https:\/\/guiduworks.com\/en\/#website"},"datePublished":"2025-07-22T09:48:46+00:00","dateModified":"2025-07-23T10:10:09+00:00","breadcrumb":{"@id":"https:\/\/guiduworks.com\/sobre-nosotros\/#breadcrumb"},"inLanguage":"en-GB","potentialAction":[{"@type":"ReadAction","target":["https:\/\/guiduworks.com\/sobre-nosotros\/"]}]},{"@type":"BreadcrumbList","@id":"https:\/\/guiduworks.com\/sobre-nosotros\/#breadcrumb","itemListElement":[{"@type":"ListItem","position":1,"name":"Portada","item":"https:\/\/guiduworks.com\/"},{"@type":"ListItem","position":2,"name":"Sobre Guidu Works"}]},{"@type":"WebSite","@id":"https:\/\/guiduworks.com\/en\/#website","url":"https:\/\/guiduworks.com\/en\/","name":"Guidu Works","description":"","publisher":{"@id":"https:\/\/guiduworks.com\/en\/#\/schema\/person\/867f288013168ae3ea98433780218df4"},"potentialAction":[{"@type":"SearchAction","target":{"@type":"EntryPoint","urlTemplate":"https:\/\/guiduworks.com\/en\/?s={search_term_string}"},"query-input":{"@type":"PropertyValueSpecification","valueRequired":true,"valueName":"search_term_string"}}],"inLanguage":"en-GB"},{"@type":["Person","Organization"],"@id":"https:\/\/guiduworks.com\/en\/#\/schema\/person\/867f288013168ae3ea98433780218df4","name":"admin","image":{"@type":"ImageObject","inLanguage":"en-GB","@id":"https:\/\/guiduworks.com\/wp-content\/uploads\/2025\/07\/cropped-logo_guiduworks_black.png","url":"https:\/\/guiduworks.com\/wp-content\/uploads\/2025\/07\/cropped-logo_guiduworks_black.png","contentUrl":"https:\/\/guiduworks.com\/wp-content\/uploads\/2025\/07\/cropped-logo_guiduworks_black.png","width":1000,"height":311,"caption":"admin"},"logo":{"@id":"https:\/\/guiduworks.com\/wp-content\/uploads\/2025\/07\/cropped-logo_guiduworks_black.png"},"sameAs":["https:\/\/guiduworks.com"]}]}},"_links":{"self":[{"href":"https:\/\/guiduworks.com\/en\/wp-json\/wp\/v2\/pages\/573","targetHints":{"allow":["GET"]}}],"collection":[{"href":"https:\/\/guiduworks.com\/en\/wp-json\/wp\/v2\/pages"}],"about":[{"href":"https:\/\/guiduworks.com\/en\/wp-json\/wp\/v2\/types\/page"}],"author":[{"embeddable":true,"href":"https:\/\/guiduworks.com\/en\/wp-json\/wp\/v2\/users\/1"}],"replies":[{"embeddable":true,"href":"https:\/\/guiduworks.com\/en\/wp-json\/wp\/v2\/comments?post=573"}],"version-history":[{"count":49,"href":"https:\/\/guiduworks.com\/en\/wp-json\/wp\/v2\/pages\/573\/revisions"}],"predecessor-version":[{"id":697,"href":"https:\/\/guiduworks.com\/en\/wp-json\/wp\/v2\/pages\/573\/revisions\/697"}],"wp:attachment":[{"href":"https:\/\/guiduworks.com\/en\/wp-json\/wp\/v2\/media?parent=573"}],"curies":[{"name":"wp","href":"https:\/\/api.w.org\/{rel}","templated":true}]}}