{"id":524,"date":"2025-07-22T08:42:45","date_gmt":"2025-07-22T07:42:45","guid":{"rendered":"https:\/\/guiduworks.com\/?page_id=524"},"modified":"2026-03-16T13:09:22","modified_gmt":"2026-03-16T12:09:22","slug":"productos","status":"publish","type":"page","link":"https:\/\/guiduworks.com\/en\/productos\/","title":{"rendered":"Productos"},"content":{"rendered":"<div data-elementor-type=\"wp-page\" data-elementor-id=\"524\" class=\"elementor elementor-524\" data-elementor-post-type=\"page\">\n\t\t\t\t<div class=\"elementor-element elementor-element-da42347 e-con-full e-flex e-con e-parent\" data-id=\"da42347\" data-element_type=\"container\" data-e-type=\"container\">\n\t\t<div class=\"elementor-element elementor-element-aadb0f6 e-flex e-con-boxed e-con e-child\" data-id=\"aadb0f6\" data-element_type=\"container\" data-e-type=\"container\" data-settings=\"{&quot;background_background&quot;:&quot;classic&quot;}\">\n\t\t\t\t\t<div class=\"e-con-inner\">\n\t\t\t\t<div class=\"elementor-element elementor-element-8b4e05f elementor-widget elementor-widget-gum_heading\" data-id=\"8b4e05f\" data-element_type=\"widget\" data-e-type=\"widget\" data-widget_type=\"gum_heading.default\">\n\t\t\t\t<div class=\"elementor-widget-container\">\n\t\t\t\t\t<div class=\"gum-widget-title\"><h1 class=\"section-main-title size-default\"><span class=\"prefix\"><\/span><span class=\"maintitle\">Productos<\/span><span class=\"subfix\"><\/span><\/h1><\/div>\t\t\t\t<\/div>\n\t\t\t\t<\/div>\n\t\t\t\t<div class=\"elementor-element elementor-element-86e1954 elementor-icon-list--layout-inline elementor-list-item-link-full_width elementor-widget elementor-widget-icon-list\" data-id=\"86e1954\" data-element_type=\"widget\" data-e-type=\"widget\" data-widget_type=\"icon-list.default\">\n\t\t\t\t\t\t\t<ul class=\"elementor-icon-list-items elementor-inline-items\">\n\t\t\t\t\t\t\t<li class=\"elementor-icon-list-item elementor-inline-item\">\n\t\t\t\t\t\t\t\t\t\t<span class=\"elementor-icon-list-text\">Home<\/span>\n\t\t\t\t\t\t\t\t\t<\/li>\n\t\t\t\t\t\t\t\t<li class=\"elementor-icon-list-item elementor-inline-item\">\n\t\t\t\t\t\t\t\t\t\t\t<a href=\"https:\/\/guiduworks.com\/en\/productos\/\">\n\n\t\t\t\t\t\t\t\t\t\t\t\t<span class=\"elementor-icon-list-icon\">\n\t\t\t\t\t\t\t<i aria-hidden=\"true\" class=\"icon icon-right-arrow1\"><\/i>\t\t\t\t\t\t<\/span>\n\t\t\t\t\t\t\t\t\t\t<span class=\"elementor-icon-list-text\">Productos<\/span>\n\t\t\t\t\t\t\t\t\t\t\t<\/a>\n\t\t\t\t\t\t\t\t\t<\/li>\n\t\t\t\t\t\t<\/ul>\n\t\t\t\t\t\t<\/div>\n\t\t\t\t\t<\/div>\n\t\t\t\t<\/div>\n\t\t\t\t<\/div>\n\t\t<div class=\"elementor-element elementor-element-9d05668 e-flex e-con-boxed e-con e-parent\" data-id=\"9d05668\" data-element_type=\"container\" data-e-type=\"container\">\n\t\t\t\t\t<div class=\"e-con-inner\">\n\t\t<div class=\"elementor-element elementor-element-a7e8ba7 e-con-full animated-slow e-flex elementor-invisible e-con e-child\" data-id=\"a7e8ba7\" data-element_type=\"container\" data-e-type=\"container\" data-settings=\"{&quot;animation&quot;:&quot;fadeInUp&quot;}\">\n\t\t<div class=\"elementor-element elementor-element-2280e43 e-con-full e-flex e-con e-child\" data-id=\"2280e43\" data-element_type=\"container\" data-e-type=\"container\">\n\t\t\t\t<div class=\"elementor-element elementor-element-c6ae9c3 elementor-widget elementor-widget-heading\" data-id=\"c6ae9c3\" data-element_type=\"widget\" data-e-type=\"widget\" data-widget_type=\"heading.default\">\n\t\t\t\t\t<h2 class=\"elementor-heading-title elementor-size-default\">Soluciones de Montaje Fotovoltaico de Guidu Works<\/h2>\t\t\t\t<\/div>\n\t\t\t\t<\/div>\n\t\t<div class=\"elementor-element elementor-element-b15e9d1 e-con-full e-flex e-con e-child\" data-id=\"b15e9d1\" data-element_type=\"container\" data-e-type=\"container\">\n\t\t\t\t<div class=\"elementor-element elementor-element-39ab5e9 elementor-widget elementor-widget-text-editor\" data-id=\"39ab5e9\" data-element_type=\"widget\" data-e-type=\"widget\" data-widget_type=\"text-editor.default\">\n\t\t\t\t\t\t\t\t\t<p>En <b>Guidu Works<\/b>, sabemos que el \u00e9xito y la durabilidad de tu instalaci\u00f3n fotovoltaica dependen de la calidad de cada componente. Por eso, te ofrecemos una selecci\u00f3n de <b>productos y sistemas de montaje de vanguardia<\/b>, dise\u00f1ados para garantizar la m\u00e1xima eficiencia, seguridad y resistencia de tus paneles solares en cualquier tipo de estructura y condici\u00f3n.<\/p>\t\t\t\t\t\t\t\t<\/div>\n\t\t\t\t<\/div>\n\t\t\t\t<\/div>\n\t\t\t\t\t<\/div>\n\t\t\t\t<\/div>\n\t\t<div class=\"elementor-element elementor-element-f0ea744 e-flex e-con-boxed e-con e-parent\" data-id=\"f0ea744\" data-element_type=\"container\" data-e-type=\"container\">\n\t\t\t\t\t<div class=\"e-con-inner\">\n\t\t<div class=\"elementor-element elementor-element-0646393 e-con-full animated-slow e-flex elementor-invisible e-con e-child\" data-id=\"0646393\" data-element_type=\"container\" data-e-type=\"container\" data-settings=\"{&quot;animation&quot;:&quot;fadeInUp&quot;}\">\n\t\t<div class=\"elementor-element elementor-element-58a6775 e-con-full e-flex e-con e-child\" data-id=\"58a6775\" data-element_type=\"container\" data-e-type=\"container\" data-settings=\"{&quot;background_background&quot;:&quot;classic&quot;}\">\n\t\t<div class=\"elementor-element elementor-element-fdaa2f4 e-con-full e-flex e-con e-child\" data-id=\"fdaa2f4\" data-element_type=\"container\" data-e-type=\"container\">\n\t\t\t\t<div class=\"elementor-element elementor-element-e1dc688 elementor-widget elementor-widget-heading\" data-id=\"e1dc688\" data-element_type=\"widget\" data-e-type=\"widget\" data-widget_type=\"heading.default\">\n\t\t\t\t\t<h3 class=\"elementor-heading-title elementor-size-default\">Piezas<\/h3>\t\t\t\t<\/div>\n\t\t\t\t<div class=\"elementor-element elementor-element-c8ccdba elementor-widget elementor-widget-text-editor\" data-id=\"c8ccdba\" data-element_type=\"widget\" data-e-type=\"widget\" data-widget_type=\"text-editor.default\">\n\t\t\t\t\t\t\t\t\t<p>\u00a0Ofrecemos una amplia gama de <b>piezas<\/b> de alta durabilidad y precisi\u00f3n, dise\u00f1adas para asegurar la m\u00e1xima eficiencia y vida \u00fatil de tus instalaciones fotovoltaicas.\u00a0<\/p>\t\t\t\t\t\t\t\t<\/div>\n\t\t\t\t<\/div>\n\t\t\t\t<div class=\"elementor-element elementor-element-2fd0ea0 elementor-mobile-align-justify elementor-widget elementor-widget-button\" data-id=\"2fd0ea0\" data-element_type=\"widget\" data-e-type=\"widget\" data-widget_type=\"button.default\">\n\t\t\t\t\t\t\t\t\t\t<a class=\"elementor-button elementor-button-link elementor-size-sm\" href=\"https:\/\/guiduworks.com\/en\/piezas\/\">\n\t\t\t\t\t\t<span class=\"elementor-button-content-wrapper\">\n\t\t\t\t\t\t<span class=\"elementor-button-icon\">\n\t\t\t\t<i aria-hidden=\"true\" class=\"icon icon-right-arrow\"><\/i>\t\t\t<\/span>\n\t\t\t\t\t\t\t\t\t<span class=\"elementor-button-text\">Conoce nuestras piezas<\/span>\n\t\t\t\t\t<\/span>\n\t\t\t\t\t<\/a>\n\t\t\t\t\t\t\t\t<\/div>\n\t\t\t\t<\/div>\n\t\t<div class=\"elementor-element elementor-element-8a5508d e-con-full e-flex e-con e-child\" data-id=\"8a5508d\" data-element_type=\"container\" data-e-type=\"container\" data-settings=\"{&quot;background_background&quot;:&quot;classic&quot;}\">\n\t\t<div class=\"elementor-element elementor-element-6e2a1b9 e-con-full e-flex e-con e-child\" data-id=\"6e2a1b9\" data-element_type=\"container\" data-e-type=\"container\">\n\t\t\t\t<div class=\"elementor-element elementor-element-7ad6593 elementor-widget elementor-widget-heading\" data-id=\"7ad6593\" data-element_type=\"widget\" data-e-type=\"widget\" data-widget_type=\"heading.default\">\n\t\t\t\t\t<h3 class=\"elementor-heading-title elementor-size-default\">Impermeabilizaci\u00f3n<\/h3>\t\t\t\t<\/div>\n\t\t\t\t<div class=\"elementor-element elementor-element-4baf62b elementor-widget elementor-widget-text-editor\" data-id=\"4baf62b\" data-element_type=\"widget\" data-e-type=\"widget\" data-widget_type=\"text-editor.default\">\n\t\t\t\t\t\t\t\t\t<p>Nuestros sistemas de impermeabilizaci\u00f3n est\u00e1n especialmente formulados para sellar y proteger las zonas de montaje, prolongando la vida \u00fatil del sistema y tejado.<\/p>\t\t\t\t\t\t\t\t<\/div>\n\t\t\t\t<\/div>\n\t\t\t\t<div class=\"elementor-element elementor-element-2dd6963 elementor-mobile-align-justify elementor-widget elementor-widget-button\" data-id=\"2dd6963\" data-element_type=\"widget\" data-e-type=\"widget\" data-widget_type=\"button.default\">\n\t\t\t\t\t\t\t\t\t\t<a class=\"elementor-button elementor-button-link elementor-size-sm\" href=\"https:\/\/guiduworks.com\/en\/impermeabilizacion\/\">\n\t\t\t\t\t\t<span class=\"elementor-button-content-wrapper\">\n\t\t\t\t\t\t<span class=\"elementor-button-icon\">\n\t\t\t\t<i aria-hidden=\"true\" class=\"icon icon-right-arrow\"><\/i>\t\t\t<\/span>\n\t\t\t\t\t\t\t\t\t<span class=\"elementor-button-text\">Conoce nuestros productos de impermeabilizacion<\/span>\n\t\t\t\t\t<\/span>\n\t\t\t\t\t<\/a>\n\t\t\t\t\t\t\t\t<\/div>\n\t\t\t\t<\/div>\n\t\t\t\t<\/div>\n\t\t<div class=\"elementor-element elementor-element-6046260 e-con-full animated-slow e-flex elementor-invisible e-con e-child\" data-id=\"6046260\" data-element_type=\"container\" data-e-type=\"container\" data-settings=\"{&quot;animation&quot;:&quot;fadeInUp&quot;,&quot;animation_delay&quot;:200}\">\n\t\t<div class=\"elementor-element elementor-element-a4c0ffd e-con-full e-flex e-con e-child\" data-id=\"a4c0ffd\" data-element_type=\"container\" data-e-type=\"container\" data-settings=\"{&quot;background_background&quot;:&quot;classic&quot;}\">\n\t\t<div class=\"elementor-element elementor-element-304e41e e-con-full e-flex e-con e-child\" data-id=\"304e41e\" data-element_type=\"container\" data-e-type=\"container\">\n\t\t\t\t<div class=\"elementor-element elementor-element-0c56b33 elementor-widget elementor-widget-heading\" data-id=\"0c56b33\" data-element_type=\"widget\" data-e-type=\"widget\" data-widget_type=\"heading.default\">\n\t\t\t\t\t<h3 class=\"elementor-heading-title elementor-size-default\">Fijaciones<\/h3>\t\t\t\t<\/div>\n\t\t\t\t<div class=\"elementor-element elementor-element-0290b27 elementor-widget elementor-widget-text-editor\" data-id=\"0290b27\" data-element_type=\"widget\" data-e-type=\"widget\" data-widget_type=\"text-editor.default\">\n\t\t\t\t\t\t\t\t\t<p>\u00a0Nuestras <b>fijaciones<\/b> est\u00e1n dise\u00f1adas para proporcionar una sujeci\u00f3n robusta y segura de los paneles solares a cualquier tipo de superficie.\u00a0<\/p>\t\t\t\t\t\t\t\t<\/div>\n\t\t\t\t<\/div>\n\t\t\t\t<div class=\"elementor-element elementor-element-2ba8824 elementor-mobile-align-justify elementor-widget elementor-widget-button\" data-id=\"2ba8824\" data-element_type=\"widget\" data-e-type=\"widget\" data-widget_type=\"button.default\">\n\t\t\t\t\t\t\t\t\t\t<a class=\"elementor-button elementor-button-link elementor-size-sm\" href=\"https:\/\/guiduworks.com\/en\/fijaciones\/\">\n\t\t\t\t\t\t<span class=\"elementor-button-content-wrapper\">\n\t\t\t\t\t\t<span class=\"elementor-button-icon\">\n\t\t\t\t<i aria-hidden=\"true\" class=\"icon icon-right-arrow\"><\/i>\t\t\t<\/span>\n\t\t\t\t\t\t\t\t\t<span class=\"elementor-button-text\">Conoce nuestros productos de fijaciones<\/span>\n\t\t\t\t\t<\/span>\n\t\t\t\t\t<\/a>\n\t\t\t\t\t\t\t\t<\/div>\n\t\t\t\t<\/div>\n\t\t<div class=\"elementor-element elementor-element-1c73866 e-con-full e-flex e-con e-child\" data-id=\"1c73866\" data-element_type=\"container\" data-e-type=\"container\" data-settings=\"{&quot;background_background&quot;:&quot;classic&quot;}\">\n\t\t<div class=\"elementor-element elementor-element-b80bbb1 e-con-full e-flex e-con e-child\" data-id=\"b80bbb1\" data-element_type=\"container\" data-e-type=\"container\">\n\t\t\t\t<div class=\"elementor-element elementor-element-490487d elementor-widget elementor-widget-heading\" data-id=\"490487d\" data-element_type=\"widget\" data-e-type=\"widget\" data-widget_type=\"heading.default\">\n\t\t\t\t\t<h3 class=\"elementor-heading-title elementor-size-default\">Kits de Montaje<\/h3>\t\t\t\t<\/div>\n\t\t\t\t<div class=\"elementor-element elementor-element-87ce4ce elementor-widget elementor-widget-text-editor\" data-id=\"87ce4ce\" data-element_type=\"widget\" data-e-type=\"widget\" data-widget_type=\"text-editor.default\">\n\t\t\t\t\t\t\t\t\t<p>Dise\u00f1ados para una instalaci\u00f3n r\u00e1pida y eficiente, cada kit incluye todos los componentes necesarios para montar tus paneles solares de forma profesional y segura.\u00a0<\/p>\t\t\t\t\t\t\t\t<\/div>\n\t\t\t\t<\/div>\n\t\t\t\t<div class=\"elementor-element elementor-element-4251591 elementor-mobile-align-justify elementor-widget elementor-widget-button\" data-id=\"4251591\" data-element_type=\"widget\" data-e-type=\"widget\" data-widget_type=\"button.default\">\n\t\t\t\t\t\t\t\t\t\t<a class=\"elementor-button elementor-button-link elementor-size-sm\" href=\"https:\/\/guiduworks.com\/en\/kits\/\">\n\t\t\t\t\t\t<span class=\"elementor-button-content-wrapper\">\n\t\t\t\t\t\t<span class=\"elementor-button-icon\">\n\t\t\t\t<i aria-hidden=\"true\" class=\"icon icon-right-arrow\"><\/i>\t\t\t<\/span>\n\t\t\t\t\t\t\t\t\t<span class=\"elementor-button-text\">Conoce nuestros kits<\/span>\n\t\t\t\t\t<\/span>\n\t\t\t\t\t<\/a>\n\t\t\t\t\t\t\t\t<\/div>\n\t\t\t\t<\/div>\n\t\t\t\t<\/div>\n\t\t\t\t\t<\/div>\n\t\t\t\t<\/div>\n\t\t\t\t<\/div>","protected":false},"excerpt":{"rendered":"<p>Productos Home Productos Soluciones de Montaje Fotovoltaico de Guidu Works En Guidu Works, sabemos que el \u00e9xito y la durabilidad [&hellip;]<\/p>\n","protected":false},"author":1,"featured_media":0,"parent":0,"menu_order":0,"comment_status":"closed","ping_status":"closed","template":"","meta":{"site-sidebar-layout":"no-sidebar","site-content-layout":"","ast-site-content-layout":"full-width-container","site-content-style":"default","site-sidebar-style":"default","ast-global-header-display":"","ast-banner-title-visibility":"","ast-main-header-display":"","ast-hfb-above-header-display":"","ast-hfb-below-header-display":"","ast-hfb-mobile-header-display":"","site-post-title":"disabled","ast-breadcrumbs-content":"","ast-featured-img":"disabled","footer-sml-layout":"","ast-disable-related-posts":"","theme-transparent-header-meta":"","adv-header-id-meta":"","stick-header-meta":"","header-above-stick-meta":"","header-main-stick-meta":"","header-below-stick-meta":"","astra-migrate-meta-layouts":"default","ast-page-background-enabled":"default","ast-page-background-meta":{"desktop":{"background-color":"var(--ast-global-color-5)","background-image":"","background-repeat":"repeat","background-position":"center center","background-size":"auto","background-attachment":"scroll","background-type":"","background-media":"","overlay-type":"","overlay-color":"","overlay-opacity":"","overlay-gradient":""},"tablet":{"background-color":"","background-image":"","background-repeat":"repeat","background-position":"center center","background-size":"auto","background-attachment":"scroll","background-type":"","background-media":"","overlay-type":"","overlay-color":"","overlay-opacity":"","overlay-gradient":""},"mobile":{"background-color":"","background-image":"","background-repeat":"repeat","background-position":"center center","background-size":"auto","background-attachment":"scroll","background-type":"","background-media":"","overlay-type":"","overlay-color":"","overlay-opacity":"","overlay-gradient":""}},"ast-content-background-meta":{"desktop":{"background-color":"var(--ast-global-color-4)","background-image":"","background-repeat":"repeat","background-position":"center center","background-size":"auto","background-attachment":"scroll","background-type":"","background-media":"","overlay-type":"","overlay-color":"","overlay-opacity":"","overlay-gradient":""},"tablet":{"background-color":"var(--ast-global-color-4)","background-image":"","background-repeat":"repeat","background-position":"center center","background-size":"auto","background-attachment":"scroll","background-type":"","background-media":"","overlay-type":"","overlay-color":"","overlay-opacity":"","overlay-gradient":""},"mobile":{"background-color":"var(--ast-global-color-4)","background-image":"","background-repeat":"repeat","background-position":"center center","background-size":"auto","background-attachment":"scroll","background-type":"","background-media":"","overlay-type":"","overlay-color":"","overlay-opacity":"","overlay-gradient":""}},"footnotes":""},"class_list":["post-524","page","type-page","status-publish","hentry"],"yoast_head":"<!-- This site is optimized with the Yoast SEO plugin v27.5 - https:\/\/yoast.com\/product\/yoast-seo-wordpress\/ -->\n<title>Productos - Guidu Works<\/title>\n<meta name=\"robots\" content=\"index, follow, max-snippet:-1, max-image-preview:large, max-video-preview:-1\" \/>\n<link rel=\"canonical\" href=\"https:\/\/guiduworks.com\/en\/productos\/\" \/>\n<meta property=\"og:locale\" content=\"en_GB\" \/>\n<meta property=\"og:type\" content=\"article\" \/>\n<meta property=\"og:title\" content=\"Productos - Guidu Works\" \/>\n<meta property=\"og:description\" content=\"Productos Home Productos Soluciones de Montaje Fotovoltaico de Guidu Works En Guidu Works, sabemos que el \u00e9xito y la durabilidad [&hellip;]\" \/>\n<meta property=\"og:url\" content=\"https:\/\/guiduworks.com\/en\/productos\/\" \/>\n<meta property=\"og:site_name\" content=\"Guidu Works\" \/>\n<meta property=\"article:modified_time\" content=\"2026-03-16T12:09:22+00:00\" \/>\n<meta name=\"twitter:card\" content=\"summary_large_image\" \/>\n<meta name=\"twitter:label1\" content=\"Estimated reading time\" \/>\n\t<meta name=\"twitter:data1\" content=\"1 minute\" \/>\n<script type=\"application\/ld+json\" class=\"yoast-schema-graph\">{\"@context\":\"https:\\\/\\\/schema.org\",\"@graph\":[{\"@type\":\"WebPage\",\"@id\":\"https:\\\/\\\/guiduworks.com\\\/productos\\\/\",\"url\":\"https:\\\/\\\/guiduworks.com\\\/productos\\\/\",\"name\":\"Productos - Guidu Works\",\"isPartOf\":{\"@id\":\"https:\\\/\\\/guiduworks.com\\\/en\\\/#website\"},\"datePublished\":\"2025-07-22T07:42:45+00:00\",\"dateModified\":\"2026-03-16T12:09:22+00:00\",\"breadcrumb\":{\"@id\":\"https:\\\/\\\/guiduworks.com\\\/productos\\\/#breadcrumb\"},\"inLanguage\":\"en-GB\",\"potentialAction\":[{\"@type\":\"ReadAction\",\"target\":[\"https:\\\/\\\/guiduworks.com\\\/productos\\\/\"]}]},{\"@type\":\"BreadcrumbList\",\"@id\":\"https:\\\/\\\/guiduworks.com\\\/productos\\\/#breadcrumb\",\"itemListElement\":[{\"@type\":\"ListItem\",\"position\":1,\"name\":\"Portada\",\"item\":\"https:\\\/\\\/guiduworks.com\\\/\"},{\"@type\":\"ListItem\",\"position\":2,\"name\":\"Productos\"}]},{\"@type\":\"WebSite\",\"@id\":\"https:\\\/\\\/guiduworks.com\\\/en\\\/#website\",\"url\":\"https:\\\/\\\/guiduworks.com\\\/en\\\/\",\"name\":\"Guidu Works\",\"description\":\"\",\"publisher\":{\"@id\":\"https:\\\/\\\/guiduworks.com\\\/en\\\/#\\\/schema\\\/person\\\/867f288013168ae3ea98433780218df4\"},\"potentialAction\":[{\"@type\":\"SearchAction\",\"target\":{\"@type\":\"EntryPoint\",\"urlTemplate\":\"https:\\\/\\\/guiduworks.com\\\/en\\\/?s={search_term_string}\"},\"query-input\":{\"@type\":\"PropertyValueSpecification\",\"valueRequired\":true,\"valueName\":\"search_term_string\"}}],\"inLanguage\":\"en-GB\"},{\"@type\":[\"Person\",\"Organization\"],\"@id\":\"https:\\\/\\\/guiduworks.com\\\/en\\\/#\\\/schema\\\/person\\\/867f288013168ae3ea98433780218df4\",\"name\":\"admin\",\"image\":{\"@type\":\"ImageObject\",\"inLanguage\":\"en-GB\",\"@id\":\"https:\\\/\\\/guiduworks.com\\\/wp-content\\\/uploads\\\/2025\\\/07\\\/cropped-logo_guiduworks_black.png\",\"url\":\"https:\\\/\\\/guiduworks.com\\\/wp-content\\\/uploads\\\/2025\\\/07\\\/cropped-logo_guiduworks_black.png\",\"contentUrl\":\"https:\\\/\\\/guiduworks.com\\\/wp-content\\\/uploads\\\/2025\\\/07\\\/cropped-logo_guiduworks_black.png\",\"width\":1000,\"height\":311,\"caption\":\"admin\"},\"logo\":{\"@id\":\"https:\\\/\\\/guiduworks.com\\\/wp-content\\\/uploads\\\/2025\\\/07\\\/cropped-logo_guiduworks_black.png\"},\"sameAs\":[\"https:\\\/\\\/guiduworks.com\"]}]}<\/script>\n<!-- \/ Yoast SEO plugin. -->","yoast_head_json":{"title":"Productos - Guidu Works","robots":{"index":"index","follow":"follow","max-snippet":"max-snippet:-1","max-image-preview":"max-image-preview:large","max-video-preview":"max-video-preview:-1"},"canonical":"https:\/\/guiduworks.com\/en\/productos\/","og_locale":"en_GB","og_type":"article","og_title":"Productos - Guidu Works","og_description":"Productos Home Productos Soluciones de Montaje Fotovoltaico de Guidu Works En Guidu Works, sabemos que el \u00e9xito y la durabilidad [&hellip;]","og_url":"https:\/\/guiduworks.com\/en\/productos\/","og_site_name":"Guidu Works","article_modified_time":"2026-03-16T12:09:22+00:00","twitter_card":"summary_large_image","twitter_misc":{"Estimated reading time":"1 minute"},"schema":{"@context":"https:\/\/schema.org","@graph":[{"@type":"WebPage","@id":"https:\/\/guiduworks.com\/productos\/","url":"https:\/\/guiduworks.com\/productos\/","name":"Productos - Guidu Works","isPartOf":{"@id":"https:\/\/guiduworks.com\/en\/#website"},"datePublished":"2025-07-22T07:42:45+00:00","dateModified":"2026-03-16T12:09:22+00:00","breadcrumb":{"@id":"https:\/\/guiduworks.com\/productos\/#breadcrumb"},"inLanguage":"en-GB","potentialAction":[{"@type":"ReadAction","target":["https:\/\/guiduworks.com\/productos\/"]}]},{"@type":"BreadcrumbList","@id":"https:\/\/guiduworks.com\/productos\/#breadcrumb","itemListElement":[{"@type":"ListItem","position":1,"name":"Portada","item":"https:\/\/guiduworks.com\/"},{"@type":"ListItem","position":2,"name":"Productos"}]},{"@type":"WebSite","@id":"https:\/\/guiduworks.com\/en\/#website","url":"https:\/\/guiduworks.com\/en\/","name":"Guidu Works","description":"","publisher":{"@id":"https:\/\/guiduworks.com\/en\/#\/schema\/person\/867f288013168ae3ea98433780218df4"},"potentialAction":[{"@type":"SearchAction","target":{"@type":"EntryPoint","urlTemplate":"https:\/\/guiduworks.com\/en\/?s={search_term_string}"},"query-input":{"@type":"PropertyValueSpecification","valueRequired":true,"valueName":"search_term_string"}}],"inLanguage":"en-GB"},{"@type":["Person","Organization"],"@id":"https:\/\/guiduworks.com\/en\/#\/schema\/person\/867f288013168ae3ea98433780218df4","name":"admin","image":{"@type":"ImageObject","inLanguage":"en-GB","@id":"https:\/\/guiduworks.com\/wp-content\/uploads\/2025\/07\/cropped-logo_guiduworks_black.png","url":"https:\/\/guiduworks.com\/wp-content\/uploads\/2025\/07\/cropped-logo_guiduworks_black.png","contentUrl":"https:\/\/guiduworks.com\/wp-content\/uploads\/2025\/07\/cropped-logo_guiduworks_black.png","width":1000,"height":311,"caption":"admin"},"logo":{"@id":"https:\/\/guiduworks.com\/wp-content\/uploads\/2025\/07\/cropped-logo_guiduworks_black.png"},"sameAs":["https:\/\/guiduworks.com"]}]}},"_links":{"self":[{"href":"https:\/\/guiduworks.com\/en\/wp-json\/wp\/v2\/pages\/524","targetHints":{"allow":["GET"]}}],"collection":[{"href":"https:\/\/guiduworks.com\/en\/wp-json\/wp\/v2\/pages"}],"about":[{"href":"https:\/\/guiduworks.com\/en\/wp-json\/wp\/v2\/types\/page"}],"author":[{"embeddable":true,"href":"https:\/\/guiduworks.com\/en\/wp-json\/wp\/v2\/users\/1"}],"replies":[{"embeddable":true,"href":"https:\/\/guiduworks.com\/en\/wp-json\/wp\/v2\/comments?post=524"}],"version-history":[{"count":37,"href":"https:\/\/guiduworks.com\/en\/wp-json\/wp\/v2\/pages\/524\/revisions"}],"predecessor-version":[{"id":971,"href":"https:\/\/guiduworks.com\/en\/wp-json\/wp\/v2\/pages\/524\/revisions\/971"}],"wp:attachment":[{"href":"https:\/\/guiduworks.com\/en\/wp-json\/wp\/v2\/media?parent=524"}],"curies":[{"name":"wp","href":"https:\/\/api.w.org\/{rel}","templated":true}]}}